{"id":1807,"date":"2025-11-13T10:00:40","date_gmt":"2025-11-13T09:00:40","guid":{"rendered":"https:\/\/vintopkarko.com\/adatvedelmi-iranyelvek\/"},"modified":"2025-12-08T12:46:30","modified_gmt":"2025-12-08T11:46:30","slug":"adatvedelmi-iranyelvek","status":"publish","type":"page","link":"https:\/\/vintopkarko.com\/hu\/adatvedelmi-iranyelvek\/","title":{"rendered":"Adatv\u00e9delmi ir\u00e1nyelvek"},"content":{"rendered":"\t\t<div data-elementor-type=\"wp-page\" data-elementor-id=\"1807\" class=\"elementor elementor-1807 elementor-3\" data-elementor-post-type=\"page\">\n\t\t\t\t<div class=\"elementor-element elementor-element-3a5de7b e-flex e-con-boxed e-con e-parent\" data-id=\"3a5de7b\" data-element_type=\"container\">\n\t\t\t\t\t<div class=\"e-con-inner\">\n\t\t\t\t<div class=\"elementor-element elementor-element-9f67eb9 elementor-widget elementor-widget-text-editor\" data-id=\"9f67eb9\" data-element_type=\"widget\" data-widget_type=\"text-editor.default\">\n\t\t\t\t\t\t\t\t\t<h3>I. Alapvet\u0151 rendelkez\u00e9sek<br><\/h3>\n<ol>\n<li>Az adatkezel\u0151 az Eur\u00f3pai Parlament \u00e9s a Tan\u00e1cs (EU) 2016\/679 rendelete (GDPR) \u00e9rtelm\u00e9ben a <strong>Vintop Kark\u00f3 s. r. o.<\/strong>, sz\u00e9khelye: <strong>B\u00fa\u010d 655, 946 35 B\u00fa\u010d<\/strong>, c\u00e9gjegyz\u00e9ksz\u00e1m: <strong>57010951<\/strong>, bejegyezve az <strong>Okresn\u00fd s\u00fad Nitra<\/strong> c\u00e9gjegyz\u00e9k\u00e9ben, bejegyz\u00e9si sz\u00e1m: <strong>66279\/N <\/strong>(a tov\u00e1bbiakban: \u201eV\u00e1llalat\u201d). <\/li>\n<li>A V\u00e1llalat el\u00e9rhet\u0151s\u00e9gei:<br><strong>Sz\u00e9khely: <\/strong>B\u00fa\u010d 655, 946 35 B\u00fa\u010d<br><strong>E-mail:<\/strong> <a href=\"mailtomailto:vintop@vintop-karko.sk\">vintop@vintop-karko.sk<\/a><br><strong>Telefon:<\/strong> <a href=\"tel:+421905645200\">+421 905 645 200<\/a><br><br><\/li>\n<\/ol>\n<ol>\n<li>Az \u00e9rintett szem\u00e9lyes adatok minden olyan inform\u00e1ci\u00f3t tartalmaznak, amely azonos\u00edtott vagy azonos\u00edthat\u00f3 term\u00e9szetes szem\u00e9lyre vonatkozik, k\u00fcl\u00f6n\u00f6sen n\u00e9v, azonos\u00edt\u00f3sz\u00e1m, f\u00f6ldrajzi helymeghat\u00e1roz\u00e1s, online azonos\u00edt\u00f3 vagy egy\u00e9b egyedi jellemz\u0151k alapj\u00e1n.<\/li>\n<\/ol>\n<h3>II. Az adatkezel\u00e9s forr\u00e1sai \u00e9s kateg\u00f3ri\u00e1i <\/h3>\n<ol>\n<li>A V\u00e1llalat az al\u00e1bbi adatokat kezeli, amelyeket az \u00e9rintett szem\u00e9ly biztos\u00edt, vagy amelyeket a V\u00e1llalat a szerz\u0151d\u00e9s teljes\u00edt\u00e9se sor\u00e1n gy\u0171jt:<\/li>\n<\/ol>\n<ul>\n<li><strong>N\u00e9v \u00e9s vezet\u00e9kn\u00e9v <\/strong><\/li>\n<li><strong>E-mail c\u00edm <\/strong><\/li>\n<li><strong>Telefonsz\u00e1m <\/strong><\/li>\n<li><strong>Szervezet neve <\/strong><\/li>\n<li><strong>Weboldal c\u00edme <\/strong><\/li>\n<li><strong>\u00dczenet tartalma <\/strong><\/li>\n<\/ul>\n<ol>\n<li>A V\u00e1llalat az azonos\u00edt\u00f3 \u00e9s kapcsolattart\u00e1si adatokat, valamint a szerz\u0151d\u00e9s teljes\u00edt\u00e9s\u00e9hez sz\u00fcks\u00e9ges adatokat kezeli.<\/li>\n<\/ol>\n<h3>III. Az adatkezel\u00e9s jogalapja \u00e9s c\u00e9lja <\/h3>\n<ol>\n<li>Az adatkezel\u00e9s jogalapja:<\/li>\n<\/ol>\n<ul>\n<li>A szerz\u0151d\u00e9s teljes\u00edt\u00e9se (GDPR 6. cikk (1) bekezd\u00e9s b) pont)<br><br>      <\/li>\n<\/ul>\n<p>Jogszab\u00e1lyi k\u00f6telezetts\u00e9gek teljes\u00edt\u00e9se (GDPR 6. cikk (1) bekezd\u00e9s c) pont)   <\/p>\n<ul>\n<li>A V\u00e1llalat jogos \u00e9rdeke (k\u00fcl\u00f6n\u00f6sen k\u00f6zvetlen marketing c\u00e9lokb\u00f3l, GDPR 6. cikk (1) bekezd\u00e9s f) pont)<br>Az \u00e9rintett hozz\u00e1j\u00e1rul\u00e1sa k\u00f6zvetlen marketing c\u00e9lokra, ha nem t\u00f6rt\u00e9nt megrendel\u00e9s (GDPR 6. cikk (1) bekezd\u00e9s a) pont)   <\/li>\n<\/ul>\n<ol>\n<li>Az adatkezel\u00e9s c\u00e9lja:<\/li>\n<\/ol>\n<ul>\n<li>Megrendel\u00e9sek teljes\u00edt\u00e9se \u00e9s a szerz\u0151d\u00e9sb\u0151l fakad\u00f3 jogok \u00e9s k\u00f6telezetts\u00e9gek teljes\u00edt\u00e9se<\/li>\n<li>Jogszab\u00e1lyi k\u00f6telezetts\u00e9gek teljes\u00edt\u00e9se<\/li>\n<li>Kereskedelmi aj\u00e1nlatok \u00e9s marketingtev\u00e9kenys\u00e9gek v\u00e9gz\u00e9se<\/li>\n<\/ul>\n<ol>\n<li>A V\u00e1llalat nem alkalmaz automatiz\u00e1lt d\u00f6nt\u00e9shozatalt a GDPR 22. cikke \u00e9rtelm\u00e9ben. <\/li>\n<\/ol>\n<h3>IV. Az adatok t\u00e1rol\u00e1s\u00e1nak id\u0151tartama <\/h3>\n<ol>\n<li>A V\u00e1llalat az adatokat a szerz\u0151d\u00e9ses jogviszony fenn\u00e1ll\u00e1s\u00e1ig,<\/li>\n<\/ol>\n<ul>\n<li>valamint azt k\u00f6vet\u0151en 15 \u00e9vig t\u00e1rolja a jogi k\u00f6telezetts\u00e9gek teljes\u00edt\u00e9se \u00e9s a k\u00f6vetel\u00e9sek \u00e9rv\u00e9nyes\u00edt\u00e9se \u00e9rdek\u00e9ben.<\/li>\n<\/ul>\n<ol>\n<li>A t\u00e1rol\u00e1si id\u0151 lej\u00e1rta ut\u00e1n az adatok t\u00f6rl\u00e9sre ker\u00fclnek.<\/li>\n<\/ol>\n<h3>V. Az adatok c\u00edmzettjei (adatfeldolgoz\u00f3k \u00e9s harmadik felek)<\/h3>\n<ol>\n<li>Az adatokat a k\u00f6vetkez\u0151 felek kaphatj\u00e1k meg:<\/li>\n<\/ol>\n<ul>\n<li>A szerz\u0151d\u00e9s teljes\u00edt\u00e9s\u00e9ben r\u00e9szt vev\u0151 szolg\u00e1ltat\u00f3k<br>A weboldal m\u0171k\u00f6dtet\u00e9s\u00e9hez \u00e9s kamp\u00e1nyok kezel\u00e9s\u00e9hez sz\u00fcks\u00e9ges szolg\u00e1ltat\u00f3k<br><br><\/li>\n<li>Marketing szolg\u00e1ltat\u00f3k<\/li>\n<\/ul>\n<h3>VI. Az adatkezel\u00e9st a V\u00e1llalat v\u00e9gzi, de az al\u00e1bbi adatfeldolgoz\u00f3k is \u00e9rintettek lehetnek:<br><br> <\/h3>\n<ol>\n<li>Google Ads, Google Analytics szolg\u00e1ltat\u00f3k<br><br><\/li>\n<\/ol>\n<ul>\n<li>Egy\u00e9b feldolgoz\u00e1si szoftverek \u00e9s alkalmaz\u00e1sok,<\/li>\n<li>amelyeket a V\u00e1llalat jelenleg nem haszn\u00e1l<\/li>\n<\/ul>\n<h3>VII. Az \u00e9rintettek jogai <\/h3>\n<ol>\n<li>Az \u00e9rintett jogosult:<\/li>\n<\/ol>\n<ul>\n<li>Hozz\u00e1f\u00e9r\u00e9st k\u00e9rni a szem\u00e9lyes adataihoz (GDPR 15. cikk)<br>Az adatok helyesb\u00edt\u00e9s\u00e9re (GDPR 16. cikk) vagy az adatkezel\u00e9s korl\u00e1toz\u00e1s\u00e1ra (GDPR 18. cikk)   <\/li>\n<li>Az adatok t\u00f6rl\u00e9s\u00e9re (GDPR 17. cikk) <\/li>\n<li>Az adatkezel\u00e9s elleni tiltakoz\u00e1sra (GDPR 21. cikk) <\/li>\n<li>Az adatok hordozhat\u00f3s\u00e1g\u00e1ra (GDPR 20. cikk) <\/li>\n<li>Az adatkezel\u00e9si hozz\u00e1j\u00e1rul\u00e1s visszavon\u00e1s\u00e1ra az I. fejezet 2. pontj\u00e1ban megadott el\u00e9rhet\u0151s\u00e9geken kereszt\u00fcl  <\/li>\n<\/ul>\n<ol>\n<li>Panaszt tenni a Nemzeti Adatv\u00e9delmi \u00e9s Inform\u00e1ci\u00f3szabads\u00e1g Hat\u00f3s\u00e1gn\u00e1l, ha jogs\u00e9rt\u00e9st \u00e9szlel<\/li>\n<\/ol>\n<h3>VIII. Az adatok biztons\u00e1ga <\/h3>\n<ol>\n<li>A V\u00e1llalat megfelel\u0151 technikai \u00e9s szervez\u00e9si int\u00e9zked\u00e9seket hozott az adatok v\u00e9delme \u00e9rdek\u00e9ben.<\/li>\n<li>A V\u00e1llalat biztons\u00e1gi int\u00e9zked\u00e9seket alkalmaz az adatok t\u00e1rol\u00e1s\u00e1ra \u00e9s kezel\u00e9s\u00e9re. 3. A szem\u00e9lyes adatokhoz csak felhatalmazott szem\u00e9lyek f\u00e9rhetnek hozz\u00e1.<\/li>\n<\/ol>\n<h3>IX. Cookie-k kezel\u00e9se <\/h3>\n<ol>\n<li>A weboldal <\/li>\n<li>az al\u00e1bbi<\/li>\n<li>t\u00edpus\u00fa cookie-kat <\/li>\n<\/ol>\n<ol>\n<li>haszn\u00e1lja:<\/li>\n<\/ol>\n<p>\u27a2 <strong>N\u00e9lk\u00fcl\u00f6zhetetlen cookie-k:<\/strong> A weboldal alapvet\u0151 m\u0171k\u00f6d\u00e9s\u00e9hez sz\u00fcks\u00e9gesek. <\/p>\n<p>\u27a2 <strong>Funkcion\u00e1lis cookie-k:<\/strong> A weboldal k\u00e9nyelmi funkci\u00f3it biztos\u00edtj\u00e1k. <\/p>\n<p>\u27a2 <strong>Analitikai cookie-k:<\/strong> A l\u00e1togat\u00f3k tev\u00e9kenys\u00e9g\u00e9nek elemz\u00e9s\u00e9re szolg\u00e1lnak.   <\/p>\n<p>\u27a2 <strong>Rekl\u00e1mcookie-k:<\/strong> Szem\u00e9lyre szabott hirdet\u00e9sek megjelen\u00edt\u00e9s\u00e9re szolg\u00e1lnak. <\/p>\n<ol>\n<li>A felhaszn\u00e1l\u00f3 <\/li>\n<li>be\u00e1ll\u00edt\u00e1saiban m\u00f3dos\u00edthatja<\/li>\n<li>a b\u00f6ng\u00e9sz\u0151 a cookie-k kezel\u00e9s\u00e9t.  <\/li>\n<li>Tov\u00e1bbi inform\u00e1ci\u00f3k az egyes b\u00f6ng\u00e9sz\u0151k s\u00fag\u00f3j\u00e1ban tal\u00e1lhat\u00f3k:<br><br><\/li>\n<\/ol>\n<p><a href=\"https:\/\/support.microsoft.com\/cs-cz\/help\/17442\/windows-internet-explorer-d%20elete-manage-cookies\" target=\"_blank\" rel=\"noopener\" data-wplink-url-error=\"true\">Internet Explorer<\/a><\/p>\n<p><a href=\"https:\/\/support.google.com\/chrome\/answer\/95647?co=GENIE.Platform%3DDes%20ktop&amp;hl=cs\" target=\"_blank\" rel=\"noopener\" data-wplink-url-error=\"true\">Google Chrome<\/a><\/p>\n<p><a href=\"https:\/\/support.mozilla.org\/cs\/kb\/povoleni-zakazani-cookies\" target=\"_blank\" rel=\"noopener\">Firefox<\/a><\/p>\n<p><a href=\"https:\/\/support.apple.com\/cs-cz\/guide\/safari\/sfri11471\/mac\" target=\"_blank\" rel=\"noopener\">Safari<\/a><\/p>\n<p><a href=\"https:\/\/help.opera.com\/cs\/latest\/security-and-privacy\/\" target=\"_blank\" rel=\"noopener\">Opera<\/a><\/p>\n<p><a href=\"https:\/\/docs.microsoft.com\/cs-cz\/sccm\/compliance\/deploy-use\/browser-profil%20es\" target=\"_blank\" rel=\"noopener\" data-wplink-url-error=\"true\">Microsoft Edge<\/a><\/p>\n<h3>X. Z\u00e1r\u00f3 rendelkez\u00e9sek<\/h3>\n<ol>\n<li>Az internetes rendel\u00e9si \u0171rlap elk\u00fcld\u00e9s\u00e9vel az \u00e9rintett meger\u0151s\u00edti, hogy megismerte \u00e9s elfogadja az adatv\u00e9delmi ir\u00e1nyelveket.<\/li>\n<li>A V\u00e1llalat jogosult az ir\u00e1nyelvek m\u00f3dos\u00edt\u00e1s\u00e1ra, <\/li>\n<li>amelyeket k\u00f6zz\u00e9tesz a weboldalon \u00e9s \u00e9rtes\u00edti az \u00e9rintetteket. <br><br><\/li>\n<\/ol>\n<p>Jelen ir\u00e1nyelvek hat\u00e1lyba l\u00e9p\u00e9s\u00e9nek d\u00e1tuma: 2025.11.27.<\/p>\t\t\t\t\t\t\t\t<\/div>\n\t\t\t\t\t<\/div>\n\t\t\t\t<\/div>\n\t\t\t\t<\/div>\n\t\t","protected":false},"excerpt":{"rendered":"<p>I. Alapvet\u0151 rendelkez\u00e9sek Az adatkezel\u0151 az Eur\u00f3pai Parlament \u00e9s a Tan\u00e1cs (EU) 2016\/679 rendelete (GDPR) \u00e9rtelm\u00e9ben a Vintop Kark\u00f3 s. r. o., sz\u00e9khelye: B\u00fa\u010d 655, 946 35 B\u00fa\u010d, c\u00e9gjegyz\u00e9ksz\u00e1m: 57010951, bejegyezve az Okresn\u00fd s\u00fad Nitra c\u00e9gjegyz\u00e9k\u00e9ben, bejegyz\u00e9si sz\u00e1m: 66279\/N (a tov\u00e1bbiakban: \u201eV\u00e1llalat\u201d). A V\u00e1llalat el\u00e9rhet\u0151s\u00e9gei:Sz\u00e9khely: B\u00fa\u010d 655, 946 35 B\u00fa\u010dE-mail: vintop@vintop-karko.skTelefon: +421 905 645 200 [&hellip;]<\/p>\n","protected":false},"author":1,"featured_media":0,"parent":0,"menu_order":0,"comment_status":"closed","ping_status":"open","template":"","meta":{"footnotes":""},"class_list":["post-1807","page","type-page","status-publish","hentry"],"_links":{"self":[{"href":"https:\/\/vintopkarko.com\/hu\/wp-json\/wp\/v2\/pages\/1807","targetHints":{"allow":["GET"]}}],"collection":[{"href":"https:\/\/vintopkarko.com\/hu\/wp-json\/wp\/v2\/pages"}],"about":[{"href":"https:\/\/vintopkarko.com\/hu\/wp-json\/wp\/v2\/types\/page"}],"author":[{"embeddable":true,"href":"https:\/\/vintopkarko.com\/hu\/wp-json\/wp\/v2\/users\/1"}],"replies":[{"embeddable":true,"href":"https:\/\/vintopkarko.com\/hu\/wp-json\/wp\/v2\/comments?post=1807"}],"version-history":[{"count":0,"href":"https:\/\/vintopkarko.com\/hu\/wp-json\/wp\/v2\/pages\/1807\/revisions"}],"wp:attachment":[{"href":"https:\/\/vintopkarko.com\/hu\/wp-json\/wp\/v2\/media?parent=1807"}],"curies":[{"name":"wp","href":"https:\/\/api.w.org\/{rel}","templated":true}]}}