{"id":1797,"date":"2025-11-24T21:48:40","date_gmt":"2025-11-24T20:48:40","guid":{"rendered":"https:\/\/vintopkarko.com\/kapcsolat\/"},"modified":"2025-12-16T13:27:33","modified_gmt":"2025-12-16T12:27:33","slug":"kapcsolat","status":"publish","type":"page","link":"https:\/\/vintopkarko.com\/hu\/kapcsolat\/","title":{"rendered":"Kapcsolat"},"content":{"rendered":"\t\t<div data-elementor-type=\"wp-page\" data-elementor-id=\"1797\" class=\"elementor elementor-1797 elementor-1417\" data-elementor-post-type=\"page\">\n\t\t\t\t<div class=\"elementor-element elementor-element-218833b e-flex e-con-boxed e-con e-parent\" data-id=\"218833b\" data-element_type=\"container\" data-settings=\"{&quot;background_background&quot;:&quot;classic&quot;}\">\n\t\t\t\t\t<div class=\"e-con-inner\">\n\t\t<div class=\"elementor-element elementor-element-1c42dfa e-con-full e-flex e-con e-child\" data-id=\"1c42dfa\" data-element_type=\"container\">\n\t\t\t\t<div class=\"elementor-element elementor-element-5e5d7fb elementor-button-align-stretch elementor-widget elementor-widget-form\" data-id=\"5e5d7fb\" data-element_type=\"widget\" data-settings=\"{&quot;step_next_label&quot;:&quot;K\\u00f6vetkez\\u0151&quot;,&quot;step_previous_label&quot;:&quot;El\\u0151z\\u0151&quot;,&quot;button_width&quot;:&quot;100&quot;,&quot;step_type&quot;:&quot;number_text&quot;,&quot;step_icon_shape&quot;:&quot;circle&quot;}\" data-widget_type=\"form.default\">\n\t\t\t\t\t\t\t<form class=\"elementor-form\" method=\"post\" name=\"Kapcsolatfelv\u00e9teli \u0171rlap\" aria-label=\"Kapcsolatfelv\u00e9teli \u0171rlap\">\n\t\t\t<input type=\"hidden\" name=\"post_id\" value=\"1797\"\/>\n\t\t\t<input type=\"hidden\" name=\"form_id\" value=\"5e5d7fb\"\/>\n\t\t\t<input type=\"hidden\" name=\"referer_title\" value=\"Kapcsolat - Vintop Kark\u00f3\" \/>\n\n\t\t\t\t\t\t\t<input type=\"hidden\" name=\"queried_id\" value=\"1797\"\/>\n\t\t\t\n\t\t\t<div class=\"elementor-form-fields-wrapper elementor-labels-above\">\n\t\t\t\t\t\t\t\t<div class=\"elementor-field-type-text elementor-field-group elementor-column elementor-field-group-name elementor-col-100\">\n\t\t\t\t\t\t\t\t\t\t\t\t\t<input size=\"1\" type=\"text\" name=\"form_fields[name]\" id=\"form-field-name\" class=\"elementor-field elementor-size-sm  elementor-field-textual\" placeholder=\"N\u00e9v\">\n\t\t\t\t\t\t\t\t\t\t\t<\/div>\n\t\t\t\t\t\t\t\t<div class=\"elementor-field-type-email elementor-field-group elementor-column elementor-field-group-email elementor-col-50 elementor-field-required\">\n\t\t\t\t\t\t\t\t\t\t\t\t\t<input size=\"1\" type=\"email\" name=\"form_fields[email]\" id=\"form-field-email\" class=\"elementor-field elementor-size-sm  elementor-field-textual\" placeholder=\"E-mail c\u00edm\" required=\"required\">\n\t\t\t\t\t\t\t\t\t\t\t<\/div>\n\t\t\t\t\t\t\t\t<div class=\"elementor-field-type-tel elementor-field-group elementor-column elementor-field-group-field_85d667f elementor-col-50\">\n\t\t\t\t\t\t\t<input size=\"1\" type=\"tel\" name=\"form_fields[field_85d667f]\" id=\"form-field-field_85d667f\" class=\"elementor-field elementor-size-sm  elementor-field-textual\" placeholder=\"Telefon\" pattern=\"[0-9()#&amp;+*-=.]+\" title=\"Only numbers and phone characters (#, -, *, etc) are accepted.\">\n\n\t\t\t\t\t\t<\/div>\n\t\t\t\t\t\t\t\t<div class=\"elementor-field-type-textarea elementor-field-group elementor-column elementor-field-group-message elementor-col-100\">\n\t\t\t\t\t<textarea class=\"elementor-field-textual elementor-field  elementor-size-sm\" name=\"form_fields[message]\" id=\"form-field-message\" rows=\"4\" placeholder=\"\u00dczenet\"><\/textarea>\t\t\t\t<\/div>\n\t\t\t\t\t\t\t\t<div class=\"elementor-field-type-acceptance elementor-field-group elementor-column elementor-field-group-field_9c26fb1 elementor-col-100\">\n\t\t\t\t\t\t\t<div class=\"elementor-field-subgroup\">\n\t\t\t<span class=\"elementor-field-option\">\n\t\t\t\t<input type=\"checkbox\" name=\"form_fields[field_9c26fb1]\" id=\"form-field-field_9c26fb1\" class=\"elementor-field elementor-size-sm  elementor-acceptance-field\">\n\t\t\t\t<label for=\"form-field-field_9c26fb1\">Elfogadom az<a href=\"https:\/\/vintopkarko.com\/hu\/adatvedelmi-iranyelvek\/\" style=\"color:#000000;\" target=\"_blank\">\nAdatkezel\u00e9si t\u00e1j\u00e9koztat\u00f3t<\/a> <\/label>\t\t\t<\/span>\n\t\t<\/div>\n\t\t\t\t\t\t<\/div>\n\t\t\t\t\t\t\t\t<div class=\"elementor-field-group elementor-column elementor-field-type-submit elementor-col-100 e-form__buttons\">\n\t\t\t\t\t<button class=\"elementor-button elementor-size-sm\" type=\"submit\">\n\t\t\t\t\t\t<span class=\"elementor-button-content-wrapper\">\n\t\t\t\t\t\t\t\t\t\t\t\t\t\t\t\t\t\t\t\t\t\t<span class=\"elementor-button-text\">K\u00fcld\u00e9s<\/span>\n\t\t\t\t\t\t\t\t\t\t\t\t\t<\/span>\n\t\t\t\t\t<\/button>\n\t\t\t\t<\/div>\n\t\t\t<\/div>\n\t\t<\/form>\n\t\t\t\t\t\t<\/div>\n\t\t\t\t<\/div>\n\t\t<div class=\"elementor-element elementor-element-b4641de e-con-full e-flex e-con e-child\" data-id=\"b4641de\" data-element_type=\"container\" data-settings=\"{&quot;background_background&quot;:&quot;classic&quot;}\">\n\t\t\t\t<div class=\"elementor-element elementor-element-b8ea43e elementor-widget elementor-widget-heading\" data-id=\"b8ea43e\" data-element_type=\"widget\" data-widget_type=\"heading.default\">\n\t\t\t\t\t<h6 class=\"elementor-heading-title elementor-size-default\">Kapcsolat<\/h6>\t\t\t\t<\/div>\n\t\t\t\t<div class=\"elementor-element elementor-element-069985d elementor-widget elementor-widget-heading\" data-id=\"069985d\" data-element_type=\"widget\" data-widget_type=\"heading.default\">\n\t\t\t\t\t<h2 class=\"elementor-heading-title elementor-size-default\">Vedd fel vel\u00fcnk a kapcsolatot!<\/h2>\t\t\t\t<\/div>\n\t\t\t\t<div class=\"elementor-element elementor-element-36c4166 elementor-widget elementor-widget-text-editor\" data-id=\"36c4166\" data-element_type=\"widget\" data-widget_type=\"text-editor.default\">\n\t\t\t\t\t\t\t\t\t<p><span style=\"font-weight: 400;\">Legyen sz\u00f3 t\u00e1bor szervez\u00e9s\u00e9r\u0151l, csal\u00e1di rendezv\u00e9nyr\u0151l, c\u00e9ges esem\u00e9nyr\u0151l vagy bork\u00f3stol\u00f3r\u00f3l, \u00f6r\u00f6mmel seg\u00edt\u00fcnk minden r\u00e9szletben. \u00cdrd meg nek\u00fcnk az elk\u00e9pzel\u00e9sed, \u00e9s hamarosan felvessz\u00fck veled a kapcsolatot. <\/span><\/p>\t\t\t\t\t\t\t\t<\/div>\n\t\t\t\t<\/div>\n\t\t\t\t\t<\/div>\n\t\t\t\t<\/div>\n\t\t\t\t<\/div>\n\t\t","protected":false},"excerpt":{"rendered":"<p>A Vintop Kark\u00f3 egy csal\u00e1di v\u00e1llalkoz\u00e1s, amelyet 2004-ben ind\u00edtottunk, amikor el\u00fcltett\u00fck az els\u0151 sz\u0151l\u0151t\u0151k\u00e9inket \u00e9s megnyitottuk a panzi\u00f3t. Az\u00f3ta folyamatosan b\u0151v\u00edtett\u00fck birtokunkat \u00e9s szolg\u00e1ltat\u00e1sainkat: ma m\u00e1r a bor\u00e1szat mellett rendezv\u00e9nyhelysz\u00edneket, wellnessr\u00e9szleget, t\u00e1borhelyet \u00e9s sz\u00e1mtalan attrakci\u00f3t k\u00edn\u00e1lunk. Mindezt k\u00f6z\u00f6sen, csal\u00e1dk\u00e9nt m\u0171k\u00f6dtetj\u00fck.  <\/p>\n<p>Sz\u00e1munkra a Vintop Kark\u00f3 nem csup\u00e1n munka, hanem otthon \u00e9s szenved\u00e9ly. C\u00e9lunk, hogy mindenki, aki hozz\u00e1nk \u00e9rkezik \u2013 legyen az t\u00e1boroz\u00f3, ifj\u00fa p\u00e1r, borbar\u00e1t vagy c\u00e9ges vend\u00e9g \u2013, olyan \u00e9lm\u00e9nnyel t\u00e1vozzon, amihez sz\u00edvesen t\u00e9r vissza. <\/p>\n","protected":false},"author":1,"featured_media":0,"parent":0,"menu_order":0,"comment_status":"closed","ping_status":"closed","template":"","meta":{"footnotes":""},"class_list":["post-1797","page","type-page","status-publish","hentry"],"_links":{"self":[{"href":"https:\/\/vintopkarko.com\/hu\/wp-json\/wp\/v2\/pages\/1797","targetHints":{"allow":["GET"]}}],"collection":[{"href":"https:\/\/vintopkarko.com\/hu\/wp-json\/wp\/v2\/pages"}],"about":[{"href":"https:\/\/vintopkarko.com\/hu\/wp-json\/wp\/v2\/types\/page"}],"author":[{"embeddable":true,"href":"https:\/\/vintopkarko.com\/hu\/wp-json\/wp\/v2\/users\/1"}],"replies":[{"embeddable":true,"href":"https:\/\/vintopkarko.com\/hu\/wp-json\/wp\/v2\/comments?post=1797"}],"version-history":[{"count":0,"href":"https:\/\/vintopkarko.com\/hu\/wp-json\/wp\/v2\/pages\/1797\/revisions"}],"wp:attachment":[{"href":"https:\/\/vintopkarko.com\/hu\/wp-json\/wp\/v2\/media?parent=1797"}],"curies":[{"name":"wp","href":"https:\/\/api.w.org\/{rel}","templated":true}]}}