{"id":1747,"date":"2025-11-23T14:47:54","date_gmt":"2025-11-23T13:47:54","guid":{"rendered":"https:\/\/vintopkarko.com\/vinoteka\/"},"modified":"2026-01-22T15:35:52","modified_gmt":"2026-01-22T14:35:52","slug":"vinoteka","status":"publish","type":"page","link":"https:\/\/vintopkarko.com\/hu\/vinoteka\/","title":{"rendered":"Vinot\u00e9ka"},"content":{"rendered":"\t\t<div data-elementor-type=\"wp-page\" data-elementor-id=\"1747\" class=\"elementor elementor-1747 elementor-1181\" data-elementor-post-type=\"page\">\n\t\t\t\t<div class=\"elementor-element elementor-element-59525eb e-flex e-con-boxed e-con e-parent\" data-id=\"59525eb\" data-element_type=\"container\" data-settings=\"{&quot;background_background&quot;:&quot;classic&quot;}\">\n\t\t\t\t\t<div class=\"e-con-inner\">\n\t\t<div class=\"elementor-element elementor-element-8ebbb6c e-con-full e-flex e-con e-child\" data-id=\"8ebbb6c\" data-element_type=\"container\">\n\t\t\t\t<div class=\"elementor-element elementor-element-c181f9d elementor-widget elementor-widget-heading\" data-id=\"c181f9d\" data-element_type=\"widget\" data-widget_type=\"heading.default\">\n\t\t\t\t\t<h6 class=\"elementor-heading-title elementor-size-default\">Elhelyezked\u00e9s<\/h6>\t\t\t\t<\/div>\n\t\t\t\t<div class=\"elementor-element elementor-element-9c2dd89 elementor-widget elementor-widget-heading\" data-id=\"9c2dd89\" data-element_type=\"widget\" data-widget_type=\"heading.default\">\n\t\t\t\t\t<h2 class=\"elementor-heading-title elementor-size-default\">Vinot\u00e9ka <br>Kom\u00e1rom belv\u00e1ros\u00e1ban\n<\/h2>\t\t\t\t<\/div>\n\t\t\t\t<div class=\"elementor-element elementor-element-b796f59 elementor-widget elementor-widget-text-editor\" data-id=\"b796f59\" data-element_type=\"widget\" data-widget_type=\"text-editor.default\">\n\t\t\t\t\t\t\t\t\t<ul><li style=\"font-weight: 400;\" aria-level=\"1\"><span style=\"font-weight: 400;\">J\u00f3l megk\u00f6zel\u00edthet\u0151 helyen, a J\u00f3kai utc\u00e1ban<br><br><\/span><\/li><li style=\"font-weight: 400;\" aria-level=\"1\"><span style=\"font-weight: 400;\">K\u00f6zvetlen\u00fcl a belv\u00e1ros sz\u00edv\u00e9ben<br><br><\/span><\/li><li style=\"font-weight: 400;\" aria-level=\"1\"><span style=\"font-weight: 400;\">Csal\u00e1dias, bar\u00e1ts\u00e1gos kiszolg\u00e1l\u00e1s<\/span><\/li><\/ul>\t\t\t\t\t\t\t\t<\/div>\n\t\t\t\t<\/div>\n\t\t<div class=\"elementor-element elementor-element-a922cbe e-con-full e-flex e-con e-child\" data-id=\"a922cbe\" data-element_type=\"container\" data-settings=\"{&quot;background_background&quot;:&quot;classic&quot;}\">\n\t\t\t\t<\/div>\n\t\t\t\t\t<\/div>\n\t\t\t\t<\/div>\n\t\t<div class=\"elementor-element elementor-element-f903150 e-flex e-con-boxed e-con e-parent\" data-id=\"f903150\" data-element_type=\"container\" data-settings=\"{&quot;background_background&quot;:&quot;classic&quot;}\">\n\t\t\t\t\t<div class=\"e-con-inner\">\n\t\t<div class=\"elementor-element elementor-element-a0d1f25 e-con-full e-flex e-con e-child\" data-id=\"a0d1f25\" data-element_type=\"container\">\n\t\t\t\t<div class=\"elementor-element elementor-element-886ddaa elementor-widget elementor-widget-heading\" data-id=\"886ddaa\" data-element_type=\"widget\" data-widget_type=\"heading.default\">\n\t\t\t\t\t<h6 class=\"elementor-heading-title elementor-size-default\">K\u00edn\u00e1lat<\/h6>\t\t\t\t<\/div>\n\t\t\t\t<div class=\"elementor-element elementor-element-ce2a86b elementor-widget elementor-widget-heading\" data-id=\"ce2a86b\" data-element_type=\"widget\" data-widget_type=\"heading.default\">\n\t\t\t\t\t<h2 class=\"elementor-heading-title elementor-size-default\">Saj\u00e1t<br>bor\u00e1szatunk v\u00e1logat\u00e1sa<\/h2>\t\t\t\t<\/div>\n\t\t\t\t<div class=\"elementor-element elementor-element-47882e3 elementor-widget elementor-widget-text-editor\" data-id=\"47882e3\" data-element_type=\"widget\" data-widget_type=\"text-editor.default\">\n\t\t\t\t\t\t\t\t\t<ul><li style=\"font-weight: 400;\" aria-level=\"1\"><span style=\"font-weight: 400;\"><strong>Sz\u00e9les v\u00e1laszt\u00e9k:<\/strong> feh\u00e9r, v\u00f6r\u00f6s \u00e9s cuv\u00e9e borok<br><br><\/span><\/li><li style=\"font-weight: 400;\" aria-level=\"1\"><span style=\"font-weight: 400;\"><strong>Kedvelt fajt\u00e1k:<\/strong> Irsai Oliv\u00e9r, Chardonnay, Rajnai rizling, Dunaj, Merlot, Cabernet Sauvignon, Bord\u00f3 Top Cuv\u00e9e<br><br><\/span><\/li><li style=\"font-weight: 400;\" aria-level=\"1\"><span style=\"font-weight: 400;\"><strong>Folyamatosan meg\u00fajul\u00f3 k\u00edn\u00e1lat<\/strong>, szezon\u00e1lis borokkal<br><br><\/span><\/li><li style=\"font-weight: 400;\" aria-level=\"1\"><span style=\"font-weight: 400;\">K\u00f6zvetlen\u00fcl a <strong>Vintop Kark\u00f3<\/strong> borbirtokr\u00f3l<\/span><\/li><\/ul>\t\t\t\t\t\t\t\t<\/div>\n\t\t\t\t<\/div>\n\t\t<div class=\"elementor-element elementor-element-7469dbc e-con-full e-flex e-con e-child\" data-id=\"7469dbc\" data-element_type=\"container\" data-settings=\"{&quot;background_background&quot;:&quot;classic&quot;}\">\n\t\t\t\t<\/div>\n\t\t\t\t\t<\/div>\n\t\t\t\t<\/div>\n\t\t<div class=\"elementor-element elementor-element-51465bf e-flex e-con-boxed e-con e-parent\" data-id=\"51465bf\" data-element_type=\"container\" data-settings=\"{&quot;background_background&quot;:&quot;classic&quot;}\">\n\t\t\t\t\t<div class=\"e-con-inner\">\n\t\t\t\t<div class=\"elementor-element elementor-element-4951993 elementor-widget elementor-widget-heading\" data-id=\"4951993\" data-element_type=\"widget\" data-widget_type=\"heading.default\">\n\t\t\t\t\t<h2 class=\"elementor-heading-title elementor-size-default\">Mi\u00e9rt v\u00e1laszd a Vintop Kark\u00f3 vinot\u00e9k\u00e1t?<\/h2>\t\t\t\t<\/div>\n\t\t\t\t<div class=\"elementor-element elementor-element-45e9a43 elementor-widget__width-initial elementor-widget elementor-widget-text-editor\" data-id=\"45e9a43\" data-element_type=\"widget\" data-widget_type=\"text-editor.default\">\n\t\t\t\t\t\t\t\t\t<p><span style=\"font-weight: 400;\">Mert itt nem csak bort v\u00e1s\u00e1rolsz,<\/span> <span style=\"font-weight: 400;\">hanem \u00e9lm\u00e9nyt viszel haza. Saj\u00e1t termel\u00e9s\u0171 boraink k\u00f6zvetlen\u00fcl a Vintop Kark\u00f3 borbirtokr\u00f3l \u00e9rkeznek, \u00e9s szem\u00e9lyes tan\u00e1csainkkal seg\u00edt\u00fcnk megtal\u00e1lni a hozz\u00e1d ill\u0151 palackot. Legyen sz\u00f3 vacsor\u00e1r\u00f3l, \u00fcnnepr\u0151l vagy aj\u00e1nd\u00e9kr\u00f3l, n\u00e1lunk mindig megtal\u00e1lod a t\u00f6k\u00e9letes bort.<\/span><\/p><p><span style=\"font-weight: 400;\"><b style=\"color: #e9a919;\">A Vintop Kark\u00f3 Vinot\u00e9k\u00e1ban<\/b> Kom\u00e1romban minden adott ahhoz, hogy megtal\u00e1ld kedvenc borodat. T\u00e9rj be hozz\u00e1nk a J\u00f3kai utc\u00e1n, \u00e9s vigy\u00e9l haza egy palackot, amelyben benne van a csal\u00e1dunk t\u00f6bb mint h\u00fasz \u00e9vnyi munk\u00e1ja \u00e9s szenved\u00e9lye. <\/span><\/p>\t\t\t\t\t\t\t\t<\/div>\n\t\t\t\t\t<\/div>\n\t\t\t\t<\/div>\n\t\t<div class=\"elementor-element elementor-element-72ca4ee e-flex e-con-boxed e-con e-parent\" data-id=\"72ca4ee\" data-element_type=\"container\" data-settings=\"{&quot;background_background&quot;:&quot;classic&quot;}\">\n\t\t\t\t\t<div class=\"e-con-inner\">\n\t\t<div class=\"elementor-element elementor-element-a80c9e9 e-con-full e-flex e-con e-child\" data-id=\"a80c9e9\" data-element_type=\"container\">\n\t\t\t\t<div class=\"elementor-element elementor-element-4331833 elementor-widget elementor-widget-heading\" data-id=\"4331833\" data-element_type=\"widget\" data-widget_type=\"heading.default\">\n\t\t\t\t\t<h2 class=\"elementor-heading-title elementor-size-default\">El\u00e9rhet\u0151s\u00e9gek, nyitvatart\u00e1s<\/h2>\t\t\t\t<\/div>\n\t\t\t\t<div class=\"elementor-element elementor-element-7d243bc elementor-widget elementor-widget-text-editor\" data-id=\"7d243bc\" data-element_type=\"widget\" data-widget_type=\"text-editor.default\">\n\t\t\t\t\t\t\t\t\t<h4>H\u00e9 \u2013 P\u00e9: 09:00 &#8211; 12:00 | 13:00 &#8211; 17:00<br \/>Szo: 09:00 &#8211; 12:00<\/h4>\t\t\t\t\t\t\t\t<\/div>\n\t\t<div class=\"elementor-element elementor-element-ac7f058 e-con-full e-flex e-con e-child\" data-id=\"ac7f058\" data-element_type=\"container\" data-settings=\"{&quot;background_background&quot;:&quot;classic&quot;}\">\n\t\t\t\t<div class=\"elementor-element elementor-element-027dead elementor-widget elementor-widget-heading\" data-id=\"027dead\" data-element_type=\"widget\" data-widget_type=\"heading.default\">\n\t\t\t\t\t<h4 class=\"elementor-heading-title elementor-size-default\">El\u00e9rhet\u0151s\u00e9g\u00fcnk<\/h4>\t\t\t\t<\/div>\n\t\t\t\t<div class=\"elementor-element elementor-element-a2aa86a elementor-icon-list--layout-traditional elementor-list-item-link-full_width elementor-widget elementor-widget-icon-list\" data-id=\"a2aa86a\" data-element_type=\"widget\" data-widget_type=\"icon-list.default\">\n\t\t\t\t\t\t\t<ul class=\"elementor-icon-list-items\">\n\t\t\t\t\t\t\t<li class=\"elementor-icon-list-item\">\n\t\t\t\t\t\t\t\t\t\t\t<span class=\"elementor-icon-list-icon\">\n\t\t\t\t\t\t\t<svg xmlns=\"http:\/\/www.w3.org\/2000\/svg\" width=\"42\" height=\"42\" viewBox=\"0 0 42 42\" fill=\"none\"><path d=\"M21 20.2832C24.2586 20.2832 26.9097 17.6321 26.9097 14.3735C26.9097 11.1149 24.2586 8.46387 21 8.46387C17.7414 8.46387 15.0903 11.115 15.0903 14.3736C15.0903 17.6322 17.7414 20.2832 21 20.2832ZM21 9.69434C23.5801 9.69434 25.6792 11.7934 25.6792 14.3736C25.6792 16.9537 23.5801 19.0527 21 19.0527C18.4199 19.0527 16.3208 16.9536 16.3208 14.3735C16.3208 11.7934 18.4199 9.69434 21 9.69434Z\" fill=\"#E9A919\"><\/path><path d=\"M12.8006 38.9062H12.1876C11.8479 38.9062 11.5724 39.1817 11.5724 39.5215C11.5724 39.8613 11.8479 40.1367 12.1876 40.1367H12.8006C13.1403 40.1367 13.4158 39.8613 13.4158 39.5215C13.4158 39.1817 13.1403 38.9062 12.8006 38.9062Z\" fill=\"#E9A919\"><\/path><path d=\"M34.2361 20.3762H31.4443C32.6849 18.2869 33.5277 16.1971 33.5277 14.3734C33.5277 7.46558 27.9079 1.8457 21.0001 1.8457C14.0923 1.8457 8.47235 7.46558 8.47235 14.3734C8.47235 16.197 9.31522 18.2869 10.5558 20.3762H7.76393C5.96498 20.3762 4.50146 21.8397 4.50146 23.6386V36.8747C4.50146 38.6736 5.96498 40.1372 7.76393 40.1372H9.75868C10.0985 40.1372 10.3739 39.8617 10.3739 39.5219C10.3739 39.1821 10.0985 38.9067 9.75868 38.9067H7.76393C6.64347 38.9067 5.73193 37.9952 5.73193 36.8747V32.1955H20.5565L22.7936 38.9066H15.2543C14.9145 38.9066 14.6391 39.1821 14.6391 39.5218C14.6391 39.8616 14.9145 40.1371 15.2543 40.1371H23.6451C23.6458 40.1371 23.6465 40.1372 23.6472 40.1372C23.6478 40.1372 23.6485 40.1371 23.6491 40.1371H30.2652C30.4283 40.1371 30.5849 40.0723 30.7002 39.9569L37.3182 33.3388C37.4337 33.2235 37.4985 33.067 37.4985 32.9038V23.6386C37.4985 21.8397 36.035 20.3762 34.2361 20.3762ZM34.2361 21.6066C35.3565 21.6066 36.2681 22.5182 36.2681 23.6386V25.6706H27.5783C28.6598 24.3953 29.7354 23.0133 30.6694 21.6066H34.2361ZM21 3.07617C27.2293 3.07617 32.2972 8.14406 32.2972 14.3734C32.2972 16.2083 31.2903 18.4071 29.8676 20.5986C29.839 20.6331 29.8144 20.6709 29.7938 20.7111C26.9057 25.1157 22.377 29.4652 21 30.7455C19.623 29.4652 15.0943 25.1157 12.2062 20.7112C12.1856 20.671 12.1611 20.6332 12.1324 20.5987C10.7097 18.4072 9.70282 16.2083 9.70282 14.3734C9.70282 8.14406 14.7707 3.07617 21 3.07617ZM5.73193 23.6386C5.73193 22.5182 6.64347 21.6066 7.76393 21.6066H11.3306C13.9112 25.4934 17.5783 29.1939 19.434 30.965H5.73193V23.6386ZM21.7106 31.7664C22.4526 31.086 24.4004 29.2541 26.5061 26.901H36.2681V30.965H30.2653C29.1962 30.965 28.3265 31.8348 28.3265 32.9038V38.9066H24.0907L21.7106 31.7664ZM30.0104 38.9067H29.5568V32.9039C29.5568 32.5133 29.8746 32.1955 30.2652 32.1955H36.268V32.6491L30.0104 38.9067Z\" fill=\"#E9A919\"><\/path><\/svg>\t\t\t\t\t\t<\/span>\n\t\t\t\t\t\t\t\t\t\t<span class=\"elementor-icon-list-text\">J\u00f3kai utca 9, Kom\u00e1rom<\/span>\n\t\t\t\t\t\t\t\t\t<\/li>\n\t\t\t\t\t\t\t\t<li class=\"elementor-icon-list-item\">\n\t\t\t\t\t\t\t\t\t\t\t<a href=\"tel:+421905275264\">\n\n\t\t\t\t\t\t\t\t\t\t\t\t<span class=\"elementor-icon-list-icon\">\n\t\t\t\t\t\t\t<svg xmlns=\"http:\/\/www.w3.org\/2000\/svg\" width=\"39\" height=\"32\" viewBox=\"0 0 39 32\" fill=\"none\"><path d=\"M19.1397 14.459C16.626 14.459 14.581 16.504 14.581 19.0177C14.581 21.5314 16.6261 23.5764 19.1397 23.5764C21.6534 23.5764 23.6984 21.5314 23.6984 19.0177C23.6984 16.504 21.6534 14.459 19.1397 14.459ZM19.1397 22.346C17.3045 22.346 15.8115 20.8529 15.8115 19.0177C15.8115 17.1825 17.3045 15.6895 19.1397 15.6895C20.9749 15.6895 22.4679 17.1825 22.4679 19.0177C22.4679 20.8529 20.975 22.346 19.1397 22.346Z\" fill=\"#E9A919\"><\/path><path d=\"M37.5305 5.86327C36.9912 5.40553 34.9533 3.7992 31.3741 2.34388C27.5489 0.788566 23.4326 0 19.1397 0C14.8468 0 10.7306 0.788566 6.90537 2.34388C3.3261 3.7992 1.2882 5.40553 0.751386 5.86113C0.0612571 6.44044 -0.200833 7.64679 0.165519 8.54659L1.364 11.5426C2.04904 13.2634 3.68917 14.3752 5.5425 14.3752H10.3207L9.89393 16.2218C9.45482 17.5213 8.5364 18.266 7.37049 18.266C6.32344 18.266 5.27779 18.7466 4.64155 19.5202C4.13157 20.1404 3.93092 20.8893 4.07636 21.6284L5.24703 27.6041H4.68011C4.34025 27.6041 4.06488 27.8796 4.06488 28.2193C4.06488 28.5591 4.34025 28.8346 4.68011 28.8346H5.9945H6.69373V30.8483C6.69373 31.188 6.96911 31.4635 7.30897 31.4635C7.64882 31.4635 7.9242 31.188 7.9242 30.8483V28.8346H23.3229C23.6627 28.8346 23.9381 28.5591 23.9381 28.2193C23.9381 27.8796 23.6627 27.6041 23.3229 27.6041H6.5012L5.28402 21.3914C5.19018 20.9146 5.39977 20.5357 5.59222 20.3018C5.9945 19.8125 6.69258 19.4965 7.37074 19.4965C9.08379 19.4965 10.467 18.4071 11.071 16.5823C11.0769 16.5642 11.0821 16.546 11.0864 16.5275L11.9611 12.7431C12.4338 11.3594 13.7303 10.4318 15.1963 10.4318H23.0833C24.5493 10.4318 25.8459 11.3594 26.3184 12.7432L27.195 16.5277C27.1992 16.5459 27.2043 16.5639 27.2101 16.5816C27.8121 18.4068 29.1947 19.4965 30.9089 19.4965C32.0532 19.4965 32.9537 20.3519 32.9832 21.4543L31.7782 27.6041H28.8126C28.4727 27.6041 28.1973 27.8796 28.1973 28.2193C28.1973 28.5591 28.4727 28.8346 28.8126 28.8346H30.3549V30.8483C30.3549 31.188 30.6303 31.4635 30.9701 31.4635C31.31 31.4635 31.5854 31.188 31.5854 30.8483V28.8346H32.2827C32.2835 28.8346 32.2845 28.8346 32.2852 28.8346C32.2861 28.8346 32.287 28.8346 32.2879 28.8346H33.599C33.9389 28.8346 34.2142 28.5591 34.2142 28.2193C34.2142 27.8796 33.9389 27.6041 33.599 27.6041H33.032L34.2028 21.6284C34.2104 21.5895 34.2142 21.5499 34.2142 21.5102C34.2142 19.6909 32.7623 18.266 30.9087 18.266C29.7422 18.266 28.8245 17.5215 28.3871 16.222L27.9594 14.3752H32.7367C34.5901 14.3752 36.2302 13.2634 36.915 11.5435L38.1124 8.55004C38.4803 7.64687 38.2182 6.4406 37.5305 5.86327ZM36.9713 8.08959L35.7722 11.0876C35.2747 12.3373 34.0831 13.1449 32.7368 13.1449H27.6745L27.5104 12.4364C27.506 12.4177 27.5009 12.3993 27.4948 12.3811C27.0599 11.0735 26.086 10.0609 24.868 9.55574C24.9584 9.44861 25.0131 9.31047 25.0131 9.15928V7.18766C25.0131 6.84789 24.7377 6.57243 24.3979 6.57243C24.058 6.57243 23.7826 6.84789 23.7826 7.18766V9.15936C23.7826 9.19218 23.786 9.22409 23.7909 9.2555C23.5594 9.22015 23.3231 9.20136 23.0834 9.20136H15.1964C14.9567 9.20136 14.7204 9.22015 14.4889 9.2555C14.4938 9.22409 14.4972 9.19218 14.4972 9.15936V7.18766C14.4972 6.84789 14.2218 6.57243 13.882 6.57243C13.5421 6.57243 13.2667 6.84789 13.2667 7.18766V9.15936C13.2667 9.31047 13.3214 9.44869 13.4118 9.55574C12.1938 10.0609 11.2199 11.0735 10.785 12.3811C10.7789 12.3994 10.7736 12.4179 10.7693 12.4367L10.6056 13.1448H5.54275C4.19637 13.1448 3.00487 12.3373 2.50702 11.0865L1.30674 8.08599C1.14062 7.67813 1.25744 7.04288 1.54512 6.80129C2.58388 5.91979 4.65936 4.5853 7.36893 3.48362C11.0461 1.98844 15.0065 1.23039 19.1397 1.23039C23.273 1.23039 27.2332 1.98852 30.9105 3.48362C33.6201 4.5853 35.6955 5.91979 36.7368 6.80343C37.022 7.04296 37.1388 7.67829 36.9713 8.08959Z\" fill=\"#E9A919\"><\/path><path d=\"M26.3651 27.6045H25.7522C25.4124 27.6045 25.137 27.88 25.137 28.2197C25.137 28.5595 25.4124 28.835 25.7522 28.835H26.3651C26.705 28.835 26.9804 28.5595 26.9804 28.2197C26.9804 27.88 26.7049 27.6045 26.3651 27.6045Z\" fill=\"#E9A919\"><\/path><\/svg>\t\t\t\t\t\t<\/span>\n\t\t\t\t\t\t\t\t\t\t<span class=\"elementor-icon-list-text\">+421 905 275 264<\/span>\n\t\t\t\t\t\t\t\t\t\t\t<\/a>\n\t\t\t\t\t\t\t\t\t<\/li>\n\t\t\t\t\t\t\t\t<li class=\"elementor-icon-list-item\">\n\t\t\t\t\t\t\t\t\t\t\t<a href=\"mailto:vintop@vintop-karko.sk\">\n\n\t\t\t\t\t\t\t\t\t\t\t\t<span class=\"elementor-icon-list-icon\">\n\t\t\t\t\t\t\t<svg xmlns=\"http:\/\/www.w3.org\/2000\/svg\" width=\"39\" height=\"28\" viewBox=\"0 0 39 28\" fill=\"none\"><path d=\"M33.7207 0H4.58792C2.05816 0 0 2.05808 0 4.58793V23.127C0 25.6568 2.05816 27.7148 4.58792 27.7148H27.7129C28.0527 27.7148 28.3281 27.4394 28.3281 27.0996C28.3281 26.7598 28.0527 26.4844 27.7129 26.4844H4.58792C2.73664 26.4844 1.23047 24.9783 1.23047 23.127V4.58793C1.23047 3.4554 1.79468 2.45282 2.65617 1.84439C2.62927 2.0169 2.67528 2.19967 2.7985 2.34207L11.7496 12.6833L5.41365 21.4422C5.21448 21.7174 5.27625 22.1021 5.55163 22.3013C5.66057 22.3801 5.78673 22.4181 5.91175 22.4181C6.10239 22.4181 6.2904 22.3296 6.41074 22.1635L12.5769 13.6393L15.4069 16.9087C15.4357 16.942 15.468 16.972 15.5032 16.9984C16.4848 17.7336 17.6612 18.1012 18.8375 18.1012C20.0138 18.1012 21.1901 17.7336 22.1717 16.9984C22.203 16.9751 22.2319 16.9487 22.2582 16.9198L25.3585 13.5096L31.5377 22.1605C31.6577 22.3286 31.8468 22.4182 32.0388 22.4182C32.1625 22.4182 32.2874 22.3809 32.3959 22.3036C32.6723 22.106 32.7364 21.7218 32.5388 21.4453L26.2052 12.5782L35.5003 2.35348C35.6306 2.21017 35.6803 2.02223 35.6527 1.84472C36.5141 2.45315 37.0782 3.45565 37.0782 4.58817V23.1272C37.0782 24.9785 35.5721 26.4846 33.7208 26.4846H33.2024C32.8625 26.4846 32.5872 26.7601 32.5872 27.0998C32.5872 27.4396 32.8625 27.7151 33.2024 27.7151H33.7208C36.2506 27.7151 38.3087 25.657 38.3087 23.1272V4.58817C38.3086 2.05816 36.2505 0 33.7207 0ZM34.5897 1.52562L21.3883 16.0471C19.8804 17.1458 17.8023 17.1474 16.2924 16.0515L3.72889 1.53686C3.67713 1.47705 3.6161 1.43022 3.55007 1.39543C3.87712 1.28888 4.22576 1.23047 4.58792 1.23047H33.7208C34.0831 1.23047 34.4317 1.28888 34.7589 1.39543C34.697 1.428 34.6394 1.47098 34.5897 1.52562Z\" fill=\"#E9A919\"><\/path><path d=\"M30.7548 26.4844H30.1418C29.8019 26.4844 29.5266 26.7598 29.5266 27.0996C29.5266 27.4394 29.8019 27.7148 30.1418 27.7148H30.7548C31.0947 27.7148 31.37 27.4394 31.37 27.0996C31.37 26.7598 31.0947 26.4844 30.7548 26.4844Z\" fill=\"#E9A919\"><\/path><\/svg>\t\t\t\t\t\t<\/span>\n\t\t\t\t\t\t\t\t\t\t<span class=\"elementor-icon-list-text\">vintop@vintop-karko.sk<\/span>\n\t\t\t\t\t\t\t\t\t\t\t<\/a>\n\t\t\t\t\t\t\t\t\t<\/li>\n\t\t\t\t\t\t<\/ul>\n\t\t\t\t\t\t<\/div>\n\t\t\t\t<\/div>\n\t\t\t\t<\/div>\n\t\t<div class=\"elementor-element elementor-element-6677cd5 e-con-full e-flex e-con e-child\" data-id=\"6677cd5\" data-element_type=\"container\">\n\t\t\t\t<div class=\"elementor-element elementor-element-91ccd5e elementor-widget__width-inherit elementor-widget elementor-widget-html\" data-id=\"91ccd5e\" data-element_type=\"widget\" data-widget_type=\"html.default\">\n\t\t\t\t\t<iframe src=\"https:\/\/www.google.com\/maps\/embed?pb=!1m14!1m12!1m3!1d797.4143476696358!2d18.12991338220111!3d47.75872840558768!2m3!1f0!2f0!3f0!3m2!1i1024!2i768!4f13.1!5e0!3m2!1ssk!2ssk!4v1763907474001!5m2!1ssk!2ssk\" width=\"600\" height=\"450\" style=\"border:0; border-radius: 20px\" allowfullscreen=\"\" loading=\"lazy\" referrerpolicy=\"no-referrer-when-downgrade\"><\/iframe>\t\t\t\t<\/div>\n\t\t\t\t<\/div>\n\t\t\t\t\t<\/div>\n\t\t\t\t<\/div>\n\t\t\t\t<\/div>\n\t\t","protected":false},"excerpt":{"rendered":"<p>Ha min\u0151s\u00e9gi bort keresel Kom\u00e1romban, v\u00e1runk szeretettel a <b style=\"color: #E9A919;\">Vintop Kark\u00f3 saj\u00e1t vinot\u00e9k\u00e1j\u00e1ban a J\u00f3kai utc\u00e1n<\/b>. Itt k\u00f6zvetlen\u00fcl megtal\u00e1lod a csal\u00e1di bor\u00e1szatunkb\u00f3l sz\u00e1rmaz\u00f3 borokat \u2013 friss feh\u00e9reket, testes v\u00f6r\u00f6seket \u00e9s k\u00fcl\u00f6nleges cuv\u00e9e-ket. Vinot\u00e9k\u00e1nk nemcsak borbolt, hanem tal\u00e1lkoz\u00e1si pont is: hely, ahol megismerheted boraink t\u00f6rt\u00e9net\u00e9t, v\u00e1logathatsz kedved szerint, \u00e9s haza is viheted a birtok hangulat\u00e1t egy-egy palackban. <\/p>\n","protected":false},"author":1,"featured_media":0,"parent":0,"menu_order":0,"comment_status":"closed","ping_status":"closed","template":"","meta":{"footnotes":""},"class_list":["post-1747","page","type-page","status-publish","hentry"],"_links":{"self":[{"href":"https:\/\/vintopkarko.com\/hu\/wp-json\/wp\/v2\/pages\/1747","targetHints":{"allow":["GET"]}}],"collection":[{"href":"https:\/\/vintopkarko.com\/hu\/wp-json\/wp\/v2\/pages"}],"about":[{"href":"https:\/\/vintopkarko.com\/hu\/wp-json\/wp\/v2\/types\/page"}],"author":[{"embeddable":true,"href":"https:\/\/vintopkarko.com\/hu\/wp-json\/wp\/v2\/users\/1"}],"replies":[{"embeddable":true,"href":"https:\/\/vintopkarko.com\/hu\/wp-json\/wp\/v2\/comments?post=1747"}],"version-history":[{"count":3,"href":"https:\/\/vintopkarko.com\/hu\/wp-json\/wp\/v2\/pages\/1747\/revisions"}],"predecessor-version":[{"id":2002,"href":"https:\/\/vintopkarko.com\/hu\/wp-json\/wp\/v2\/pages\/1747\/revisions\/2002"}],"wp:attachment":[{"href":"https:\/\/vintopkarko.com\/hu\/wp-json\/wp\/v2\/media?parent=1747"}],"curies":[{"name":"wp","href":"https:\/\/api.w.org\/{rel}","templated":true}]}}